{"id":77,"date":"2023-07-19T09:21:46","date_gmt":"2023-07-19T07:21:46","guid":{"rendered":"https:\/\/emelestudio.com\/index.php\/about\/"},"modified":"2025-07-11T13:39:30","modified_gmt":"2025-07-11T11:39:30","slug":"estudio","status":"publish","type":"page","link":"https:\/\/emelestudio.com\/es\/estudio\/","title":{"rendered":"estudio"},"content":{"rendered":"\t\t<div data-elementor-type=\"wp-page\" data-elementor-id=\"77\" class=\"elementor elementor-77\" data-elementor-post-type=\"page\">\n\t\t\t\t<div class=\"elementor-element elementor-element-cf28647 e-flex e-con-boxed e-con e-parent\" data-id=\"cf28647\" data-element_type=\"container\" data-e-type=\"container\" data-settings=\"{&quot;background_background&quot;:&quot;classic&quot;}\">\n\t\t\t\t\t<div class=\"e-con-inner\">\n\t\t\t\t\t<\/div>\n\t\t\t\t<\/div>\n\t\t<div class=\"elementor-element elementor-element-f494ebb e-con-full e-flex e-con e-parent\" data-id=\"f494ebb\" data-element_type=\"container\" data-e-type=\"container\">\n\t\t<div class=\"elementor-element elementor-element-ce5fa01 e-flex e-con-boxed e-con e-child\" data-id=\"ce5fa01\" data-element_type=\"container\" data-e-type=\"container\">\n\t\t\t\t\t<div class=\"e-con-inner\">\n\t\t<div class=\"elementor-element elementor-element-bda5118 e-con-full e-flex e-con e-child\" data-id=\"bda5118\" data-element_type=\"container\" data-e-type=\"container\">\n\t\t\t\t<div class=\"elementor-element elementor-element-d4f6a01 elementor-widget elementor-widget-heading\" data-id=\"d4f6a01\" data-element_type=\"widget\" data-e-type=\"widget\" data-widget_type=\"heading.default\">\n\t\t\t\t<div class=\"elementor-widget-container\">\n\t\t\t\t\t<h3 class=\"elementor-heading-title elementor-size-default\">\u00bfQui\u00e9nes somos?<\/h3>\t\t\t\t<\/div>\n\t\t\t\t<\/div>\n\t\t\t\t<div class=\"elementor-element elementor-element-772fd5c elementor-widget__width-inherit elementor-widget elementor-widget-text-editor\" data-id=\"772fd5c\" data-element_type=\"widget\" data-e-type=\"widget\" data-settings=\"{&quot;_animation&quot;:&quot;none&quot;,&quot;_animation_tablet&quot;:&quot;none&quot;}\" data-widget_type=\"text-editor.default\">\n\t\t\t\t<div class=\"elementor-widget-container\">\n\t\t\t\t\t\t\t\t\t<p><strong>em\u0113le studio<\/strong> est\u00e1 formado por un equipo joven de profesionales especializados en arquitectura, <br \/>interiorismo y gesti\u00f3n, apasionados por su trabajo y profundamente comprometidos con ofrecer <br \/>la mayor calidad en cada proyecto. <br \/>El estudio nace en 2021 como la versi\u00f3n m\u00e1s joven de Manuel Lucas Muebles, tienda de <br \/>mobiliario de dise\u00f1o de referencia en Elche, que ha trascendido de generaci\u00f3n en generaci\u00f3n <br \/>desde 1944. El estudio surge de forma org\u00e1nica como extensi\u00f3n de la tienda, con el prop\u00f3sito de <br \/>desarrollar proyectos desde la ra\u00edz, estableci\u00e9ndose como estudio de interiorismo y apostando <br \/>por un enfoque m\u00e1s contempor\u00e1neo y renovado. <br \/>Abarcamos proyectos tanto residenciales como comerciales, basando nuestro trabajo en la <br \/>calidad de servicio, atenci\u00f3n al detalle y dedicaci\u00f3n, para alcanzar resultados impecables y la <br \/>satisfacci\u00f3n de nuestros clientes.<\/p>\t\t\t\t\t\t\t\t<\/div>\n\t\t\t\t<\/div>\n\t\t\t\t<\/div>\n\t\t<div class=\"elementor-element elementor-element-0c7872c e-con-full e-flex e-con e-child\" data-id=\"0c7872c\" data-element_type=\"container\" data-e-type=\"container\">\n\t\t\t\t<div class=\"elementor-element elementor-element-713a810 elementor-widget elementor-widget-image\" data-id=\"713a810\" data-element_type=\"widget\" data-e-type=\"widget\" data-widget_type=\"image.default\">\n\t\t\t\t<div class=\"elementor-widget-container\">\n\t\t\t\t\t\t\t\t\t\t\t\t\t\t\t<img fetchpriority=\"high\" decoding=\"async\" width=\"900\" height=\"1350\" src=\"https:\/\/emelestudio.com\/wp-content\/uploads\/2025\/03\/ML-Team-189.webp\" class=\"attachment-full size-full wp-image-3228\" alt=\"\" srcset=\"https:\/\/emelestudio.com\/wp-content\/uploads\/2025\/03\/ML-Team-189.webp 900w, https:\/\/emelestudio.com\/wp-content\/uploads\/2025\/03\/ML-Team-189-200x300.webp 200w, https:\/\/emelestudio.com\/wp-content\/uploads\/2025\/03\/ML-Team-189-683x1024.webp 683w, https:\/\/emelestudio.com\/wp-content\/uploads\/2025\/03\/ML-Team-189-768x1152.webp 768w, https:\/\/emelestudio.com\/wp-content\/uploads\/2025\/03\/ML-Team-189-8x12.webp 8w\" sizes=\"(max-width: 900px) 100vw, 900px\" \/>\t\t\t\t\t\t\t\t\t\t\t\t\t\t\t<\/div>\n\t\t\t\t<\/div>\n\t\t\t\t<\/div>\n\t\t\t\t\t<\/div>\n\t\t\t\t<\/div>\n\t\t\t\t<\/div>\n\t\t<div class=\"elementor-element elementor-element-1dcfe33 e-con-full e-flex e-con e-parent\" data-id=\"1dcfe33\" data-element_type=\"container\" data-e-type=\"container\">\n\t\t<div class=\"elementor-element elementor-element-61a8019 e-flex e-con-boxed e-con e-child\" data-id=\"61a8019\" data-element_type=\"container\" data-e-type=\"container\">\n\t\t\t\t\t<div class=\"e-con-inner\">\n\t\t<div class=\"elementor-element elementor-element-3fdeec8 e-con-full e-flex e-con e-child\" data-id=\"3fdeec8\" data-element_type=\"container\" data-e-type=\"container\">\n\t\t\t\t<div class=\"elementor-element elementor-element-06a54d7 elementor-widget elementor-widget-image\" data-id=\"06a54d7\" data-element_type=\"widget\" data-e-type=\"widget\" data-widget_type=\"image.default\">\n\t\t\t\t<div class=\"elementor-widget-container\">\n\t\t\t\t\t\t\t\t\t\t\t\t\t\t\t<img decoding=\"async\" width=\"1140\" height=\"1710\" src=\"https:\/\/emelestudio.com\/wp-content\/uploads\/2025\/03\/Copia-de-ML-Team-90.webp\" class=\"attachment-full size-full wp-image-3305\" alt=\"\" srcset=\"https:\/\/emelestudio.com\/wp-content\/uploads\/2025\/03\/Copia-de-ML-Team-90.webp 1140w, https:\/\/emelestudio.com\/wp-content\/uploads\/2025\/03\/Copia-de-ML-Team-90-200x300.webp 200w, https:\/\/emelestudio.com\/wp-content\/uploads\/2025\/03\/Copia-de-ML-Team-90-683x1024.webp 683w, https:\/\/emelestudio.com\/wp-content\/uploads\/2025\/03\/Copia-de-ML-Team-90-768x1152.webp 768w, https:\/\/emelestudio.com\/wp-content\/uploads\/2025\/03\/Copia-de-ML-Team-90-1024x1536.webp 1024w, https:\/\/emelestudio.com\/wp-content\/uploads\/2025\/03\/Copia-de-ML-Team-90-8x12.webp 8w\" sizes=\"(max-width: 1140px) 100vw, 1140px\" \/>\t\t\t\t\t\t\t\t\t\t\t\t\t\t\t<\/div>\n\t\t\t\t<\/div>\n\t\t\t\t<\/div>\n\t\t<div class=\"elementor-element elementor-element-96f687a e-con-full e-flex e-con e-child\" data-id=\"96f687a\" data-element_type=\"container\" data-e-type=\"container\">\n\t\t\t\t<div class=\"elementor-element elementor-element-7966c44 elementor-widget elementor-widget-heading\" data-id=\"7966c44\" data-element_type=\"widget\" data-e-type=\"widget\" data-widget_type=\"heading.default\">\n\t\t\t\t<div class=\"elementor-widget-container\">\n\t\t\t\t\t<h3 class=\"elementor-heading-title elementor-size-default\">Nuestra filosof\u00eda<\/h3>\t\t\t\t<\/div>\n\t\t\t\t<\/div>\n\t\t\t\t<div class=\"elementor-element elementor-element-d49cee7 elementor-widget elementor-widget-text-editor\" data-id=\"d49cee7\" data-element_type=\"widget\" data-e-type=\"widget\" data-settings=\"{&quot;_animation&quot;:&quot;none&quot;,&quot;_animation_tablet&quot;:&quot;none&quot;}\" data-widget_type=\"text-editor.default\">\n\t\t\t\t<div class=\"elementor-widget-container\">\n\t\t\t\t\t\t\t\t\t<p>En em\u0113le studio, cada proyecto y cliente son \u00fanicos y especiales, siendo fundamental establecer relaciones cercanas y de confianza para conocer y entender sus necesidades, ofreciendo soluciones a medida.<\/p><p>Nuestros proyectos se caracterizan por una arquitectura de interiores atemporal y sencilla, creando atm\u00f3sferas tranquilas. Dise\u00f1amos buscando el equilibrio entre lo tradicional y lo contempor\u00e1neo, la elegancia y la calidez, sin perder de vista la funcionalidad y comodidad del entorno.<\/p><p>Abogamos por el uso de materiales naturales, y apoyo de la artesan\u00eda local de nuestra zona.<\/p>\t\t\t\t\t\t\t\t<\/div>\n\t\t\t\t<\/div>\n\t\t\t\t<\/div>\n\t\t\t\t\t<\/div>\n\t\t\t\t<\/div>\n\t\t\t\t<\/div>\n\t\t<div class=\"elementor-element elementor-element-fefbd00 e-con-full elementor-hidden-desktop elementor-hidden-tablet elementor-hidden-mobile e-flex e-con e-parent\" data-id=\"fefbd00\" data-element_type=\"container\" data-e-type=\"container\">\n\t\t<div class=\"elementor-element elementor-element-9d0b37e e-con-full e-flex e-con e-child\" data-id=\"9d0b37e\" data-element_type=\"container\" data-e-type=\"container\">\n\t\t<div class=\"elementor-element elementor-element-5515186 e-con-full e-flex e-con e-child\" data-id=\"5515186\" data-element_type=\"container\" data-e-type=\"container\">\n\t\t<div class=\"elementor-element elementor-element-477f711 e-con-full e-flex e-con e-child\" data-id=\"477f711\" data-element_type=\"container\" data-e-type=\"container\">\n\t\t\t\t<div class=\"elementor-element elementor-element-bcc02f5 elementor-cta--layout-image-right elementor-cta--mobile-layout-image-above elementor-cta--valign-middle elementor-widget-tablet__width-inherit elementor-cta--skin-classic elementor-animated-content elementor-widget elementor-widget-call-to-action\" data-id=\"bcc02f5\" data-element_type=\"widget\" data-e-type=\"widget\" data-widget_type=\"call-to-action.default\">\n\t\t\t\t<div class=\"elementor-widget-container\">\n\t\t\t\t\t\t\t<div class=\"elementor-cta\">\n\t\t\t\t\t<div class=\"elementor-cta__bg-wrapper\">\n\t\t\t\t<div class=\"elementor-cta__bg elementor-bg\" style=\"background-image: url(https:\/\/emelestudio.com\/wp-content\/uploads\/2023\/08\/manuel-lucas-facasa1-431.jpg);\" role=\"img\" aria-label=\"manuel-lucas-facasa1-431\"><\/div>\n\t\t\t\t<div class=\"elementor-cta__bg-overlay\"><\/div>\n\t\t\t<\/div>\n\t\t\t\t\t\t\t<div class=\"elementor-cta__content\">\n\t\t\t\t\n\t\t\t\t\t\t\t\t\t<h2 class=\"elementor-cta__title elementor-cta__content-item elementor-content-item\">\n\t\t\t\t\t\tEMELE STUDIO\t\t\t\t\t<\/h2>\n\t\t\t\t\n\t\t\t\t\t\t\t\t\t<div class=\"elementor-cta__description elementor-cta__content-item elementor-content-item\">\n\t\t\t\t\t\tEmele Studio es una destacada firma de arquitectura e interiorismo fundada en 2018 y dirigida con pasi\u00f3n y visi\u00f3n por el talentoso interiorista Manuel Lucas. Con sede en Elche, Emele Studio cuenta con un equipo multidisciplinar compuesto por expertos en arquitectura, interiorismo y finanzas, trabajando en proyectos residenciales y comerciales en todo el territorio nacional. \n\t\t\t\t\t<\/div>\n\t\t\t\t\n\t\t\t\t\t\t\t<\/div>\n\t\t\t\t\t\t<\/div>\n\t\t\t\t\t\t<\/div>\n\t\t\t\t<\/div>\n\t\t\t\t<\/div>\n\t\t<div class=\"elementor-element elementor-element-cf85560 e-con-full e-flex e-con e-child\" data-id=\"cf85560\" data-element_type=\"container\" data-e-type=\"container\" data-settings=\"{&quot;background_background&quot;:&quot;classic&quot;,&quot;animation&quot;:&quot;none&quot;,&quot;animation_tablet&quot;:&quot;fadeInDown&quot;}\">\n\t\t\t\t<div class=\"elementor-element elementor-element-0808196 elementor-widget elementor-widget-heading\" data-id=\"0808196\" data-element_type=\"widget\" data-e-type=\"widget\" data-settings=\"{&quot;_animation&quot;:&quot;none&quot;,&quot;_animation_tablet&quot;:&quot;none&quot;}\" data-widget_type=\"heading.default\">\n\t\t\t\t<div class=\"elementor-widget-container\">\n\t\t\t\t\t<h4 class=\"elementor-heading-title elementor-size-default\">FILOSOF\u00cdA<\/h4>\t\t\t\t<\/div>\n\t\t\t\t<\/div>\n\t\t\t\t<div class=\"elementor-element elementor-element-78ff4b7 elementor-widget elementor-widget-text-editor\" data-id=\"78ff4b7\" data-element_type=\"widget\" data-e-type=\"widget\" data-settings=\"{&quot;_animation&quot;:&quot;none&quot;,&quot;_animation_tablet&quot;:&quot;none&quot;}\" data-widget_type=\"text-editor.default\">\n\t\t\t\t<div class=\"elementor-widget-container\">\n\t\t\t\t\t\t\t\t\t<p>Emele Studio se centra en la creaci\u00f3n de espacios \u00fanicos y adaptados a las necesidades espec\u00edficas de cada cliente, combinando de manera armoniosa el contexto, la funcionalidad y las aspiraciones individuales. Cada proyecto es concebido como una b\u00fasqueda constante de profunda sustancia, con el objetivo de construir atm\u00f3sferas serenas y protectoras que inviten a la emoci\u00f3n y el bienestar.<\/p>\t\t\t\t\t\t\t\t<\/div>\n\t\t\t\t<\/div>\n\t\t\t\t<div class=\"elementor-element elementor-element-5d96565 elementor-widget elementor-widget-heading\" data-id=\"5d96565\" data-element_type=\"widget\" data-e-type=\"widget\" data-settings=\"{&quot;_animation&quot;:&quot;none&quot;,&quot;_animation_tablet&quot;:&quot;none&quot;}\" data-widget_type=\"heading.default\">\n\t\t\t\t<div class=\"elementor-widget-container\">\n\t\t\t\t\t<h4 class=\"elementor-heading-title elementor-size-default\">CREATIVIDAD<\/h4>\t\t\t\t<\/div>\n\t\t\t\t<\/div>\n\t\t\t\t<div class=\"elementor-element elementor-element-851fff4 elementor-widget elementor-widget-text-editor\" data-id=\"851fff4\" data-element_type=\"widget\" data-e-type=\"widget\" data-settings=\"{&quot;_animation&quot;:&quot;none&quot;,&quot;_animation_tablet&quot;:&quot;none&quot;}\" data-widget_type=\"text-editor.default\">\n\t\t\t\t<div class=\"elementor-widget-container\">\n\t\t\t\t\t\t\t\t\t<p>El equipo de Emele Studio se enorgullece de disfrutar cada etapa de sus proyectos con dedicaci\u00f3n y pasi\u00f3n. Su creatividad se refleja en la cuidadosa talla de vac\u00edos y vol\u00famenes, jugando con geometr\u00edas y l\u00edneas para lograr una arquitectura en silencio, donde la luz juega un papel clave en la generaci\u00f3n de emociones positivas.\u00a0<\/p>\t\t\t\t\t\t\t\t<\/div>\n\t\t\t\t<\/div>\n\t\t\t\t<div class=\"elementor-element elementor-element-16d9299 elementor-widget elementor-widget-heading\" data-id=\"16d9299\" data-element_type=\"widget\" data-e-type=\"widget\" data-settings=\"{&quot;_animation&quot;:&quot;none&quot;,&quot;_animation_tablet&quot;:&quot;none&quot;}\" data-widget_type=\"heading.default\">\n\t\t\t\t<div class=\"elementor-widget-container\">\n\t\t\t\t\t<h4 class=\"elementor-heading-title elementor-size-default\">Sostenibilidad<\/h4>\t\t\t\t<\/div>\n\t\t\t\t<\/div>\n\t\t\t\t<div class=\"elementor-element elementor-element-d3eaa88 elementor-widget elementor-widget-text-editor\" data-id=\"d3eaa88\" data-element_type=\"widget\" data-e-type=\"widget\" data-settings=\"{&quot;_animation&quot;:&quot;none&quot;,&quot;_animation_tablet&quot;:&quot;none&quot;}\" data-widget_type=\"text-editor.default\">\n\t\t\t\t<div class=\"elementor-widget-container\">\n\t\t\t\t\t\t\t\t\t<p>La sostenibilidad es un pilar fundamental en el enfoque de Emele Studio, buscando siempre la optimizaci\u00f3n de los recursos naturales y econ\u00f3micos en cada dise\u00f1o. Aspiran a crear una arquitectura atemporal y sencilla que trascienda las tendencias pasajeras, brindando espacios duraderos y significativos para sus clientes.<\/p>\t\t\t\t\t\t\t\t<\/div>\n\t\t\t\t<\/div>\n\t\t\t\t<\/div>\n\t\t\t\t<\/div>\n\t\t\t\t<\/div>\n\t\t\t\t<\/div>\n\t\t<div class=\"elementor-element elementor-element-073e632 e-con-full elementor-hidden-desktop elementor-hidden-tablet elementor-hidden-mobile e-flex e-con e-parent\" data-id=\"073e632\" data-element_type=\"container\" data-e-type=\"container\" data-settings=\"{&quot;background_background&quot;:&quot;classic&quot;}\">\n\t\t<div class=\"elementor-element elementor-element-afd45c2 e-con-full e-flex e-con e-child\" data-id=\"afd45c2\" data-element_type=\"container\" data-e-type=\"container\" data-settings=\"{&quot;background_background&quot;:&quot;classic&quot;}\">\n\t\t\t\t<div class=\"elementor-element elementor-element-4fa34b4 elementor-cta--layout-image-left elementor-cta--mobile-layout-image-above elementor-cta--valign-middle elementor-widget-tablet__width-inherit elementor-cta--skin-classic elementor-animated-content elementor-widget elementor-widget-call-to-action\" data-id=\"4fa34b4\" data-element_type=\"widget\" data-e-type=\"widget\" data-widget_type=\"call-to-action.default\">\n\t\t\t\t<div class=\"elementor-widget-container\">\n\t\t\t\t\t\t\t<div class=\"elementor-cta\">\n\t\t\t\t\t<div class=\"elementor-cta__bg-wrapper\">\n\t\t\t\t<div class=\"elementor-cta__bg elementor-bg\" style=\"background-image: url(https:\/\/emelestudio.com\/wp-content\/uploads\/2023\/08\/manuel-lucas-facasa1-238.jpg);\" role=\"img\" aria-label=\"manuel-lucas-facasa1-238\"><\/div>\n\t\t\t\t<div class=\"elementor-cta__bg-overlay\"><\/div>\n\t\t\t<\/div>\n\t\t\t\t\t\t\t<div class=\"elementor-cta__content\">\n\t\t\t\t\n\t\t\t\t\t\t\t\t\t<h2 class=\"elementor-cta__title elementor-cta__content-item elementor-content-item\">\n\t\t\t\t\t\tExcelencia\t\t\t\t\t<\/h2>\n\t\t\t\t\n\t\t\t\t\t\t\t\t\t<div class=\"elementor-cta__description elementor-cta__content-item elementor-content-item\">\n\t\t\t\t\t\tEmele Estudio ha sido reconocido por su excelencia en el dise\u00f1o y su capacidad para encontrar el equilibrio perfecto entre la funcionalidad y la est\u00e9tica en cada proyecto. Su pasi\u00f3n por el arte de crear espacios \u00fanicos y acogedores es evidente en cada detalle, permitiendo que cada cliente encuentre refugio, inspiraci\u00f3n y armon\u00eda en sus creaciones. Con una visi\u00f3n comprometida con la innovaci\u00f3n y la calidad, Emele Estudio sigue siendo un referente en la industria, superando las expectativas de sus clientes y ofreciendo una experiencia arquitect\u00f3nica excepcional que perdura en el tiempo.\t\t\t\t\t<\/div>\n\t\t\t\t\n\t\t\t\t\t\t\t<\/div>\n\t\t\t\t\t\t<\/div>\n\t\t\t\t\t\t<\/div>\n\t\t\t\t<\/div>\n\t\t\t\t<\/div>\n\t\t\t\t<\/div>\n\t\t\t\t<\/div>\n\t\t","protected":false},"excerpt":{"rendered":"<p>\u00bfQui\u00e9nes somos? em\u0113le studio est\u00e1 formado por un equipo joven de profesionales especializados en arquitectura, interiorismo y gesti\u00f3n, apasionados por su trabajo y profundamente comprometidos con ofrecer la mayor calidad en cada proyecto. El estudio nace en 2021 como la versi\u00f3n m\u00e1s joven de Manuel Lucas Muebles, tienda de mobiliario de dise\u00f1o de referencia en [&hellip;]<\/p>\n","protected":false},"author":3,"featured_media":0,"parent":0,"menu_order":0,"comment_status":"closed","ping_status":"closed","template":"elementor_header_footer","meta":{"_acf_changed":false,"footnotes":""},"class_list":["post-77","page","type-page","status-publish","hentry"],"acf":[],"yoast_head":"<!-- This site is optimized with the Yoast SEO plugin v25.4 - https:\/\/yoast.com\/wordpress\/plugins\/seo\/ -->\n<title>estudio - em\u0113le.studio<\/title>\n<meta name=\"robots\" content=\"index, follow, max-snippet:-1, max-image-preview:large, max-video-preview:-1\" \/>\n<link rel=\"canonical\" href=\"https:\/\/emelestudio.com\/es\/estudio\/\" \/>\n<meta property=\"og:locale\" content=\"es_ES\" \/>\n<meta property=\"og:type\" content=\"article\" \/>\n<meta property=\"og:title\" content=\"estudio - em\u0113le.studio\" \/>\n<meta property=\"og:description\" content=\"\u00bfQui\u00e9nes somos? em\u0113le studio est\u00e1 formado por un equipo joven de profesionales especializados en arquitectura, interiorismo y gesti\u00f3n, apasionados por su trabajo y profundamente comprometidos con ofrecer la mayor calidad en cada proyecto. El estudio nace en 2021 como la versi\u00f3n m\u00e1s joven de Manuel Lucas Muebles, tienda de mobiliario de dise\u00f1o de referencia en [&hellip;]\" \/>\n<meta property=\"og:url\" content=\"https:\/\/emelestudio.com\/es\/estudio\/\" \/>\n<meta property=\"og:site_name\" content=\"em\u0113le.studio\" \/>\n<meta property=\"article:modified_time\" content=\"2025-07-11T11:39:30+00:00\" \/>\n<meta property=\"og:image\" content=\"https:\/\/emelestudio.com\/wp-content\/uploads\/2025\/03\/ML-Team-189.webp\" \/>\n\t<meta property=\"og:image:width\" content=\"900\" \/>\n\t<meta property=\"og:image:height\" content=\"1350\" \/>\n\t<meta property=\"og:image:type\" content=\"image\/webp\" \/>\n<meta name=\"twitter:card\" content=\"summary_large_image\" \/>\n<meta name=\"twitter:label1\" content=\"Tiempo de lectura\" \/>\n\t<meta name=\"twitter:data1\" content=\"3 minutos\" \/>\n<script type=\"application\/ld+json\" class=\"yoast-schema-graph\">{\"@context\":\"https:\/\/schema.org\",\"@graph\":[{\"@type\":\"WebPage\",\"@id\":\"https:\/\/emelestudio.com\/estudio\/\",\"url\":\"https:\/\/emelestudio.com\/estudio\/\",\"name\":\"estudio - em\u0113le.studio\",\"isPartOf\":{\"@id\":\"https:\/\/emelestudio.com\/#website\"},\"primaryImageOfPage\":{\"@id\":\"https:\/\/emelestudio.com\/estudio\/#primaryimage\"},\"image\":{\"@id\":\"https:\/\/emelestudio.com\/estudio\/#primaryimage\"},\"thumbnailUrl\":\"https:\/\/emelestudio.com\/wp-content\/uploads\/2025\/03\/ML-Team-189.webp\",\"datePublished\":\"2023-07-19T07:21:46+00:00\",\"dateModified\":\"2025-07-11T11:39:30+00:00\",\"breadcrumb\":{\"@id\":\"https:\/\/emelestudio.com\/estudio\/#breadcrumb\"},\"inLanguage\":\"es\",\"potentialAction\":[{\"@type\":\"ReadAction\",\"target\":[\"https:\/\/emelestudio.com\/estudio\/\"]}]},{\"@type\":\"ImageObject\",\"inLanguage\":\"es\",\"@id\":\"https:\/\/emelestudio.com\/estudio\/#primaryimage\",\"url\":\"https:\/\/emelestudio.com\/wp-content\/uploads\/2025\/03\/ML-Team-189.webp\",\"contentUrl\":\"https:\/\/emelestudio.com\/wp-content\/uploads\/2025\/03\/ML-Team-189.webp\"},{\"@type\":\"BreadcrumbList\",\"@id\":\"https:\/\/emelestudio.com\/estudio\/#breadcrumb\",\"itemListElement\":[{\"@type\":\"ListItem\",\"position\":1,\"name\":\"Portada\",\"item\":\"https:\/\/emelestudio.com\/es\/\"},{\"@type\":\"ListItem\",\"position\":2,\"name\":\"estudio\"}]},{\"@type\":\"WebSite\",\"@id\":\"https:\/\/emelestudio.com\/#website\",\"url\":\"https:\/\/emelestudio.com\/\",\"name\":\"Emele Studio\",\"description\":\"Proyectos de arquitectura y dise\u00f1o de interiores\",\"publisher\":{\"@id\":\"https:\/\/emelestudio.com\/#organization\"},\"potentialAction\":[{\"@type\":\"SearchAction\",\"target\":{\"@type\":\"EntryPoint\",\"urlTemplate\":\"https:\/\/emelestudio.com\/?s={search_term_string}\"},\"query-input\":{\"@type\":\"PropertyValueSpecification\",\"valueRequired\":true,\"valueName\":\"search_term_string\"}}],\"inLanguage\":\"es\"},{\"@type\":\"Organization\",\"@id\":\"https:\/\/emelestudio.com\/#organization\",\"name\":\"Emele Studio\",\"url\":\"https:\/\/emelestudio.com\/\",\"logo\":{\"@type\":\"ImageObject\",\"inLanguage\":\"es\",\"@id\":\"https:\/\/emelestudio.com\/#\/schema\/logo\/image\/\",\"url\":\"https:\/\/emelestudio.com\/wp-content\/uploads\/2023\/07\/emele.studio-negro-e1752233301408.png\",\"contentUrl\":\"https:\/\/emelestudio.com\/wp-content\/uploads\/2023\/07\/emele.studio-negro-e1752233301408.png\",\"width\":2560,\"height\":1255,\"caption\":\"Emele Studio\"},\"image\":{\"@id\":\"https:\/\/emelestudio.com\/#\/schema\/logo\/image\/\"}}]}<\/script>\n<!-- \/ Yoast SEO plugin. -->","yoast_head_json":{"title":"estudio - em\u0113le.studio","robots":{"index":"index","follow":"follow","max-snippet":"max-snippet:-1","max-image-preview":"max-image-preview:large","max-video-preview":"max-video-preview:-1"},"canonical":"https:\/\/emelestudio.com\/es\/estudio\/","og_locale":"es_ES","og_type":"article","og_title":"estudio - em\u0113le.studio","og_description":"\u00bfQui\u00e9nes somos? em\u0113le studio est\u00e1 formado por un equipo joven de profesionales especializados en arquitectura, interiorismo y gesti\u00f3n, apasionados por su trabajo y profundamente comprometidos con ofrecer la mayor calidad en cada proyecto. El estudio nace en 2021 como la versi\u00f3n m\u00e1s joven de Manuel Lucas Muebles, tienda de mobiliario de dise\u00f1o de referencia en [&hellip;]","og_url":"https:\/\/emelestudio.com\/es\/estudio\/","og_site_name":"em\u0113le.studio","article_modified_time":"2025-07-11T11:39:30+00:00","og_image":[{"width":900,"height":1350,"url":"https:\/\/emelestudio.com\/wp-content\/uploads\/2025\/03\/ML-Team-189.webp","type":"image\/webp"}],"twitter_card":"summary_large_image","twitter_misc":{"Tiempo de lectura":"3 minutos"},"schema":{"@context":"https:\/\/schema.org","@graph":[{"@type":"WebPage","@id":"https:\/\/emelestudio.com\/estudio\/","url":"https:\/\/emelestudio.com\/estudio\/","name":"estudio - em\u0113le.studio","isPartOf":{"@id":"https:\/\/emelestudio.com\/#website"},"primaryImageOfPage":{"@id":"https:\/\/emelestudio.com\/estudio\/#primaryimage"},"image":{"@id":"https:\/\/emelestudio.com\/estudio\/#primaryimage"},"thumbnailUrl":"https:\/\/emelestudio.com\/wp-content\/uploads\/2025\/03\/ML-Team-189.webp","datePublished":"2023-07-19T07:21:46+00:00","dateModified":"2025-07-11T11:39:30+00:00","breadcrumb":{"@id":"https:\/\/emelestudio.com\/estudio\/#breadcrumb"},"inLanguage":"es","potentialAction":[{"@type":"ReadAction","target":["https:\/\/emelestudio.com\/estudio\/"]}]},{"@type":"ImageObject","inLanguage":"es","@id":"https:\/\/emelestudio.com\/estudio\/#primaryimage","url":"https:\/\/emelestudio.com\/wp-content\/uploads\/2025\/03\/ML-Team-189.webp","contentUrl":"https:\/\/emelestudio.com\/wp-content\/uploads\/2025\/03\/ML-Team-189.webp"},{"@type":"BreadcrumbList","@id":"https:\/\/emelestudio.com\/estudio\/#breadcrumb","itemListElement":[{"@type":"ListItem","position":1,"name":"Portada","item":"https:\/\/emelestudio.com\/es\/"},{"@type":"ListItem","position":2,"name":"estudio"}]},{"@type":"WebSite","@id":"https:\/\/emelestudio.com\/#website","url":"https:\/\/emelestudio.com\/","name":"Emele Studio","description":"Proyectos de arquitectura y dise\u00f1o de interiores","publisher":{"@id":"https:\/\/emelestudio.com\/#organization"},"potentialAction":[{"@type":"SearchAction","target":{"@type":"EntryPoint","urlTemplate":"https:\/\/emelestudio.com\/?s={search_term_string}"},"query-input":{"@type":"PropertyValueSpecification","valueRequired":true,"valueName":"search_term_string"}}],"inLanguage":"es"},{"@type":"Organization","@id":"https:\/\/emelestudio.com\/#organization","name":"Emele Studio","url":"https:\/\/emelestudio.com\/","logo":{"@type":"ImageObject","inLanguage":"es","@id":"https:\/\/emelestudio.com\/#\/schema\/logo\/image\/","url":"https:\/\/emelestudio.com\/wp-content\/uploads\/2023\/07\/emele.studio-negro-e1752233301408.png","contentUrl":"https:\/\/emelestudio.com\/wp-content\/uploads\/2023\/07\/emele.studio-negro-e1752233301408.png","width":2560,"height":1255,"caption":"Emele Studio"},"image":{"@id":"https:\/\/emelestudio.com\/#\/schema\/logo\/image\/"}}]}},"_links":{"self":[{"href":"https:\/\/emelestudio.com\/es\/wp-json\/wp\/v2\/pages\/77","targetHints":{"allow":["GET"]}}],"collection":[{"href":"https:\/\/emelestudio.com\/es\/wp-json\/wp\/v2\/pages"}],"about":[{"href":"https:\/\/emelestudio.com\/es\/wp-json\/wp\/v2\/types\/page"}],"author":[{"embeddable":true,"href":"https:\/\/emelestudio.com\/es\/wp-json\/wp\/v2\/users\/3"}],"replies":[{"embeddable":true,"href":"https:\/\/emelestudio.com\/es\/wp-json\/wp\/v2\/comments?post=77"}],"version-history":[{"count":115,"href":"https:\/\/emelestudio.com\/es\/wp-json\/wp\/v2\/pages\/77\/revisions"}],"predecessor-version":[{"id":3689,"href":"https:\/\/emelestudio.com\/es\/wp-json\/wp\/v2\/pages\/77\/revisions\/3689"}],"wp:attachment":[{"href":"https:\/\/emelestudio.com\/es\/wp-json\/wp\/v2\/media?parent=77"}],"curies":[{"name":"wp","href":"https:\/\/api.w.org\/{rel}","templated":true}]}}